{"id":578,"date":"2021-02-01T01:30:25","date_gmt":"2021-02-01T01:30:25","guid":{"rendered":"https:\/\/augustiniani.cz\/Spanish\/?page_id=578"},"modified":"2021-02-09T13:21:35","modified_gmt":"2021-02-09T13:21:35","slug":"augustiniani","status":"publish","type":"page","link":"https:\/\/augustiniani.cz\/Spanish\/augustiniani\/","title":{"rendered":"Agustinos"},"content":{"rendered":"\t\t<div data-elementor-type=\"wp-page\" data-elementor-id=\"578\" class=\"elementor elementor-578\" data-elementor-settings=\"[]\">\n\t\t\t\t\t\t<div class=\"elementor-inner\">\n\t\t\t\t\t\t\t<div class=\"elementor-section-wrap\">\n\t\t\t\t\t\t\t<section class=\"elementor-section elementor-top-section elementor-element elementor-element-109263e elementor-section-boxed elementor-section-height-default elementor-section-height-default\" data-id=\"109263e\" data-element_type=\"section\" data-settings=\"{&quot;ekit_has_onepagescroll_dot&quot;:&quot;yes&quot;}\">\n\t\t\t\t\t\t<div class=\"elementor-container elementor-column-gap-default\">\n\t\t\t\t\t\t\t<div class=\"elementor-row\">\n\t\t\t\t\t<div class=\"elementor-column elementor-col-100 elementor-top-column elementor-element elementor-element-04b4ccb\" data-id=\"04b4ccb\" data-element_type=\"column\">\n\t\t\t<div class=\"elementor-column-wrap elementor-element-populated\">\n\t\t\t\t\t\t\t<div class=\"elementor-widget-wrap\">\n\t\t\t\t\t\t<div class=\"elementor-element elementor-element-ec1421f elementor-widget elementor-widget-heading\" data-id=\"ec1421f\" data-element_type=\"widget\" data-widget_type=\"heading.default\">\n\t\t\t\t<div class=\"elementor-widget-container\">\n\t\t\t<h2 class=\"elementor-heading-title elementor-size-default\">Agustinos<\/h2>\t\t<\/div>\n\t\t\t\t<\/div>\n\t\t\t\t<div class=\"elementor-element elementor-element-6f8e7d0 elementor-widget-divider--view-line elementor-widget elementor-widget-divider\" data-id=\"6f8e7d0\" data-element_type=\"widget\" data-widget_type=\"divider.default\">\n\t\t\t\t<div class=\"elementor-widget-container\">\n\t\t\t\t\t<div class=\"elementor-divider\">\n\t\t\t<span class=\"elementor-divider-separator\">\n\t\t\t\t\t\t<\/span>\n\t\t<\/div>\n\t\t\t\t<\/div>\n\t\t\t\t<\/div>\n\t\t\t\t\t\t<\/div>\n\t\t\t\t\t<\/div>\n\t\t<\/div>\n\t\t\t\t\t\t\t\t<\/div>\n\t\t\t\t\t<\/div>\n\t\t<\/section>\n\t\t\t\t<section class=\"elementor-section elementor-top-section elementor-element elementor-element-03c3e9c elementor-section-boxed elementor-section-height-default elementor-section-height-default\" data-id=\"03c3e9c\" data-element_type=\"section\" data-settings=\"{&quot;background_background&quot;:&quot;classic&quot;,&quot;ekit_has_onepagescroll_dot&quot;:&quot;yes&quot;}\">\n\t\t\t\t\t\t<div class=\"elementor-container elementor-column-gap-default\">\n\t\t\t\t\t\t\t<div class=\"elementor-row\">\n\t\t\t\t\t<div class=\"elementor-column elementor-col-100 elementor-top-column elementor-element elementor-element-40bea3b\" data-id=\"40bea3b\" data-element_type=\"column\">\n\t\t\t<div class=\"elementor-column-wrap elementor-element-populated\">\n\t\t\t\t\t\t\t<div class=\"elementor-widget-wrap\">\n\t\t\t\t\t\t<section class=\"elementor-section elementor-inner-section elementor-element elementor-element-f989b49 elementor-section-boxed elementor-section-height-default elementor-section-height-default\" data-id=\"f989b49\" data-element_type=\"section\" data-settings=\"{&quot;ekit_has_onepagescroll_dot&quot;:&quot;yes&quot;}\">\n\t\t\t\t\t\t<div class=\"elementor-container elementor-column-gap-default\">\n\t\t\t\t\t\t\t<div class=\"elementor-row\">\n\t\t\t\t\t<div class=\"elementor-column elementor-col-50 elementor-inner-column elementor-element elementor-element-c7f8479\" data-id=\"c7f8479\" data-element_type=\"column\">\n\t\t\t<div class=\"elementor-column-wrap elementor-element-populated\">\n\t\t\t\t\t\t\t<div class=\"elementor-widget-wrap\">\n\t\t\t\t\t\t<div class=\"elementor-element elementor-element-31fffe1 elementor-widget elementor-widget-text-editor\" data-id=\"31fffe1\" data-element_type=\"widget\" data-widget_type=\"text-editor.default\">\n\t\t\t\t<div class=\"elementor-widget-container\">\n\t\t\t\t\t<div class=\"elementor-text-editor elementor-clearfix\"><h2><span style=\"font-family: Spartan; font-size: 14pt;\">Presentaci\u00f3n principal<\/span><\/h2><p><strong><span style=\"font-family: Spartan; font-size: 14pt;\">La Orden agustiniana puede ser presentada de muy diversas maneras. Se puede hablar de su caracter peculiar, de su historia, de su mision, de su carisma&#8230; Pero ante todo y sobre todo la Orden esta constituida por personas, hombres y mujeres, que, dicho con palabras de la Regla que profesamos, \u201cviven juntos en concordia, teniendo un solo corazon y una sola alma hacia Dios\u201d. Somos cristianos que, cautivados por el ejemplo y la doctrina de San Agustin, caminamos juntos, al tiempo que construimos nuestra propia casa y\u00a0servimos al Pueblo de Dios.<\/span><\/strong><\/p><\/div>\n\t\t\t\t<\/div>\n\t\t\t\t<\/div>\n\t\t\t\t<div class=\"elementor-element elementor-element-e9a27d9 elementor-widget elementor-widget-text-editor\" data-id=\"e9a27d9\" data-element_type=\"widget\" data-widget_type=\"text-editor.default\">\n\t\t\t\t<div class=\"elementor-widget-container\">\n\t\t\t\t\t<div class=\"elementor-text-editor elementor-clearfix\"><p><span style=\"font-family: Spartan; font-size: 14pt;\">San Agust\u00edn, miembro eminente del cuerpo de Se\u00f1or, en compa\u00f1\u00eda de unos amigos, instituy\u00f3 un tipo de vida religiosa inspirado en la primitiva comunidad cristiana de Jerusal\u00e9n, primero en Tagaste, todav\u00eda laico, luego en Hipona, ya presb\u00edtero, y despu\u00e9s siendo obispo, seg\u00fan la regla establecida por los santos Ap\u00f3stoles. Este ideal de los siervos de Dios, constituido por ciencia, continencia y aut\u00e9ntica pobreza, prolifer\u00f3 especialmente por el norte de \u00c1frica, donde muchos Hermanos fueron llamados a desempe\u00f1ar el ministerio pastoral en las comunidades cristianas. La formulaci\u00f3n de este proyecto de vida, que \u00e9l mismo experiment\u00f3, es conocida a\u00a0trav\u00e9s de sus escritos \u2013 sobre todo la Regla para los siervos de Dios -, en los que trata ampliamente de la vida mon\u00e1stica. Por eso nuestra Orden lo reconoce desde sus inicios como padre, maestro y gu\u00eda espiritual, ya que de \u00e9l recibe su Regla, nombre, doctrina y espiritualidad.\u00a0<em>[Las Constituciones de la Orden 2008, n. 2]<\/em><\/span><\/p><p><span style=\"font-family: Spartan; font-size: 14pt;\">En el siglo XIII, por las necesidades de aquella \u00e9poca, la Sede Apost\u00f3lica favoreci\u00f3 activa y diligentemente el nacimiento de la \u00d3rdenes Mendicantes. Entre otras cosas, el Papa Inocencio IV, teniendo como fundamento la Regla de san Agust\u00edn, estableci\u00f3 unas normas seg\u00fan las cuales se pudieran unir y gobernar ciertos grupos de ermita\u00f1os que habitaban en la Toscana. De aqu\u00ed surgi\u00f3 jur\u00eddicamente la Orden de Ermita\u00f1os de San Agust\u00edn, en el mes de marzo del a\u00f1o 1244. Este primer n\u00facleo creci\u00f3 y se consolid\u00f3 con la agregaci\u00f3n de otros grupos semejantes, que se fundieron en la Gran Uni\u00f3n, promovida por el Papa Alejandro IV, el 9 de abril de 1256. La atenci\u00f3n que la Sede Apost\u00f3lica dispens\u00f3 a la Orden en su nacimiento marc\u00f3 clar\u00edsimamente su actividad, en cuanto se consider\u00f3 destinada al servicio de la Iglesia universal.\u00a0<em>[Las Constituciones de la Orden 2008, n. 3]<\/em><\/span><\/p><\/div>\n\t\t\t\t<\/div>\n\t\t\t\t<\/div>\n\t\t\t\t\t\t<\/div>\n\t\t\t\t\t<\/div>\n\t\t<\/div>\n\t\t\t\t<div class=\"elementor-column elementor-col-50 elementor-inner-column elementor-element elementor-element-d5d7ea7\" data-id=\"d5d7ea7\" data-element_type=\"column\">\n\t\t\t<div class=\"elementor-column-wrap elementor-element-populated\">\n\t\t\t\t\t\t\t<div class=\"elementor-widget-wrap\">\n\t\t\t\t\t\t<div class=\"elementor-element elementor-element-582b84a elementor-widget elementor-widget-image\" data-id=\"582b84a\" data-element_type=\"widget\" data-widget_type=\"image.default\">\n\t\t\t\t<div class=\"elementor-widget-container\">\n\t\t\t\t\t<div class=\"elementor-image\">\n\t\t\t\t\t\t\t\t\t\t<img loading=\"lazy\" decoding=\"async\" width=\"130\" height=\"198\" src=\"https:\/\/augustiniani.cz\/Spanish\/wp-content\/uploads\/2021\/02\/srdce.jpg\" class=\"attachment-medium size-medium\" alt=\"\" \/>\t\t\t\t\t\t\t\t\t\t\t<\/div>\n\t\t\t\t<\/div>\n\t\t\t\t<\/div>\n\t\t\t\t\t\t<\/div>\n\t\t\t\t\t<\/div>\n\t\t<\/div>\n\t\t\t\t\t\t\t\t<\/div>\n\t\t\t\t\t<\/div>\n\t\t<\/section>\n\t\t\t\t\t\t<\/div>\n\t\t\t\t\t<\/div>\n\t\t<\/div>\n\t\t\t\t\t\t\t\t<\/div>\n\t\t\t\t\t<\/div>\n\t\t<\/section>\n\t\t\t\t<section class=\"elementor-section elementor-top-section elementor-element elementor-element-5ab75da elementor-section-boxed elementor-section-height-default elementor-section-height-default\" data-id=\"5ab75da\" data-element_type=\"section\" data-settings=\"{&quot;ekit_has_onepagescroll_dot&quot;:&quot;yes&quot;}\">\n\t\t\t\t\t\t<div class=\"elementor-container elementor-column-gap-default\">\n\t\t\t\t\t\t\t<div class=\"elementor-row\">\n\t\t\t\t\t<div class=\"elementor-column elementor-col-100 elementor-top-column elementor-element elementor-element-2523391\" data-id=\"2523391\" data-element_type=\"column\">\n\t\t\t<div class=\"elementor-column-wrap elementor-element-populated\">\n\t\t\t\t\t\t\t<div class=\"elementor-widget-wrap\">\n\t\t\t\t\t\t<div class=\"elementor-element elementor-element-0a1864e elementor-widget elementor-widget-spacer\" data-id=\"0a1864e\" data-element_type=\"widget\" data-widget_type=\"spacer.default\">\n\t\t\t\t<div class=\"elementor-widget-container\">\n\t\t\t\t\t<div class=\"elementor-spacer\">\n\t\t\t<div class=\"elementor-spacer-inner\"><\/div>\n\t\t<\/div>\n\t\t\t\t<\/div>\n\t\t\t\t<\/div>\n\t\t\t\t\t\t<\/div>\n\t\t\t\t\t<\/div>\n\t\t<\/div>\n\t\t\t\t\t\t\t\t<\/div>\n\t\t\t\t\t<\/div>\n\t\t<\/section>\n\t\t\t\t<section class=\"elementor-section elementor-top-section elementor-element elementor-element-d4c6858 elementor-section-boxed elementor-section-height-default elementor-section-height-default\" data-id=\"d4c6858\" data-element_type=\"section\" data-settings=\"{&quot;background_background&quot;:&quot;classic&quot;,&quot;ekit_has_onepagescroll_dot&quot;:&quot;yes&quot;}\">\n\t\t\t\t\t\t<div class=\"elementor-container elementor-column-gap-default\">\n\t\t\t\t\t\t\t<div class=\"elementor-row\">\n\t\t\t\t\t<div class=\"elementor-column elementor-col-100 elementor-top-column elementor-element elementor-element-ade9694\" data-id=\"ade9694\" data-element_type=\"column\">\n\t\t\t<div class=\"elementor-column-wrap elementor-element-populated\">\n\t\t\t\t\t\t\t<div class=\"elementor-widget-wrap\">\n\t\t\t\t\t\t<section class=\"elementor-section elementor-inner-section elementor-element elementor-element-fecf950 elementor-section-boxed elementor-section-height-default elementor-section-height-default\" data-id=\"fecf950\" data-element_type=\"section\" data-settings=\"{&quot;ekit_has_onepagescroll_dot&quot;:&quot;yes&quot;}\">\n\t\t\t\t\t\t<div class=\"elementor-container elementor-column-gap-default\">\n\t\t\t\t\t\t\t<div class=\"elementor-row\">\n\t\t\t\t\t<div class=\"elementor-column elementor-col-50 elementor-inner-column elementor-element elementor-element-fc1cf4a\" data-id=\"fc1cf4a\" data-element_type=\"column\">\n\t\t\t<div class=\"elementor-column-wrap elementor-element-populated\">\n\t\t\t\t\t\t\t<div class=\"elementor-widget-wrap\">\n\t\t\t\t\t\t<div class=\"elementor-element elementor-element-a237252 elementor-widget elementor-widget-text-editor\" data-id=\"a237252\" data-element_type=\"widget\" data-widget_type=\"text-editor.default\">\n\t\t\t\t<div class=\"elementor-widget-container\">\n\t\t\t\t\t<div class=\"elementor-text-editor elementor-clearfix\">\u00a9 2021. All Rights Reserved<\/div>\n\t\t\t\t<\/div>\n\t\t\t\t<\/div>\n\t\t\t\t\t\t<\/div>\n\t\t\t\t\t<\/div>\n\t\t<\/div>\n\t\t\t\t<div class=\"elementor-column elementor-col-50 elementor-inner-column elementor-element elementor-element-5b87180\" data-id=\"5b87180\" data-element_type=\"column\">\n\t\t\t<div class=\"elementor-column-wrap elementor-element-populated\">\n\t\t\t\t\t\t\t<div class=\"elementor-widget-wrap\">\n\t\t\t\t\t\t<div class=\"elementor-element elementor-element-df5e924 elementor-widget elementor-widget-text-editor\" data-id=\"df5e924\" data-element_type=\"widget\" data-widget_type=\"text-editor.default\">\n\t\t\t\t<div class=\"elementor-widget-container\">\n\t\t\t\t\t<div class=\"elementor-text-editor elementor-clearfix\">Designed and Developed by <a href=\"http:\/\/www.uxsolutions.cz\" target=\"_blank\" rel=\"noopener\" style=\"text-decoration:none;color:white;\">UX Solutions<\/a><\/div>\n\t\t\t\t<\/div>\n\t\t\t\t<\/div>\n\t\t\t\t\t\t<\/div>\n\t\t\t\t\t<\/div>\n\t\t<\/div>\n\t\t\t\t\t\t\t\t<\/div>\n\t\t\t\t\t<\/div>\n\t\t<\/section>\n\t\t\t\t\t\t<\/div>\n\t\t\t\t\t<\/div>\n\t\t<\/div>\n\t\t\t\t\t\t\t\t<\/div>\n\t\t\t\t\t<\/div>\n\t\t<\/section>\n\t\t\t\t\t\t<\/div>\n\t\t\t\t\t\t<\/div>\n\t\t\t\t\t<\/div>\n\t\t","protected":false},"excerpt":{"rendered":"<p>Agustinos Presentaci\u00f3n principal La Orden agustiniana puede ser presentada de muy diversas maneras. Se puede hablar de su caracter peculiar, [&hellip;]<\/p>\n","protected":false},"author":1,"featured_media":0,"parent":0,"menu_order":0,"comment_status":"closed","ping_status":"closed","template":"elementor_header_footer","meta":{"footnotes":""},"class_list":["post-578","page","type-page","status-publish","hentry"],"_links":{"self":[{"href":"https:\/\/augustiniani.cz\/Spanish\/wp-json\/wp\/v2\/pages\/578","targetHints":{"allow":["GET"]}}],"collection":[{"href":"https:\/\/augustiniani.cz\/Spanish\/wp-json\/wp\/v2\/pages"}],"about":[{"href":"https:\/\/augustiniani.cz\/Spanish\/wp-json\/wp\/v2\/types\/page"}],"author":[{"embeddable":true,"href":"https:\/\/augustiniani.cz\/Spanish\/wp-json\/wp\/v2\/users\/1"}],"replies":[{"embeddable":true,"href":"https:\/\/augustiniani.cz\/Spanish\/wp-json\/wp\/v2\/comments?post=578"}],"version-history":[{"count":86,"href":"https:\/\/augustiniani.cz\/Spanish\/wp-json\/wp\/v2\/pages\/578\/revisions"}],"predecessor-version":[{"id":1082,"href":"https:\/\/augustiniani.cz\/Spanish\/wp-json\/wp\/v2\/pages\/578\/revisions\/1082"}],"wp:attachment":[{"href":"https:\/\/augustiniani.cz\/Spanish\/wp-json\/wp\/v2\/media?parent=578"}],"curies":[{"name":"wp","href":"https:\/\/api.w.org\/{rel}","templated":true}]}}